{"id":7841,"date":"2023-05-27T20:51:43","date_gmt":"2023-05-27T18:51:43","guid":{"rendered":"https:\/\/craft-maestro.com\/product\/manbat-black-41-polka-na-minifigurki\/"},"modified":"2024-07-11T22:46:32","modified_gmt":"2024-07-11T20:46:32","slug":"manbat-black-41-polka-na-minifigurki","status":"publish","type":"product","link":"https:\/\/craft-maestro.com\/pl\/produkt\/manbat-black-41-polka-na-minifigurki\/","title":{"rendered":"MANBAT Black &#8211; 41 P\u00f3\u0142ka na minifigurki"},"content":{"rendered":"<h5 style=\"text-align: center;\">Przedstawiamy stojak na minifigurk\u0119 Cz\u0142owieka Nietoperza<\/h5>\n<h5 style=\"text-align: center;\">Stylowe miejsce na kolekcj\u0119!<\/h5>\n<p style=\"text-align: center;\">Masz do\u015b\u0107 plastikowych podstawek, kt\u00f3re nie oddaj\u0105 istoty twojej cennej kolekcji minifigurek? Nie szukaj dalej!<\/p>\n<p>&nbsp;<\/p>\n<h5 style=\"text-align: center;\">Nasz stojak na figurk\u0119 Cz\u0142owieka Nietoperza to idealne rozwi\u0105zanie.<\/h5>\n<p>&nbsp;<\/p>\n<h6 style=\"text-align: center;\">To nie tylko stojak ekspozycyjny; to element dekoracyjny, kt\u00f3ry dodaje charakteru ka\u017cdemu pomieszczeniu.<\/h6>\n<p>&nbsp;<\/p>\n<p style=\"text-align: center;\">Szukasz sposobu na zaprezentowanie ulubionych Minifigurek swojego dziecka w jednym miejscu?<\/p>\n<p>&nbsp;<\/p>\n<p style=\"text-align: center;\">Nasz stojak z 41 starannie wykonanymi p\u00f3\u0142kami zapewnia wystarczaj\u0105co du\u017co miejsca dla ka\u017cdej ukochanej postaci.<\/p>\n<p>&nbsp;<\/p>\n<p style=\"text-align: center;\">Wykonana z wysokiej jako\u015bci p\u0142yty MDF, ka\u017cda p\u00f3\u0142ka posiada mocowania z prawdziwych klock\u00f3w, kt\u00f3re zapewniaj\u0105 kompatybilno\u015b\u0107 i stabilno\u015b\u0107 figurek. Koniec z grzebaniem w morzu klock\u00f3w w poszukiwaniu tej jednej wyj\u0105tkowej postaci &#8211; zostan\u0105 one zaprezentowane w ca\u0142ej okaza\u0142o\u015bci.<\/p>\n<p>&nbsp;<\/p>\n<p style=\"text-align: center;\">Potrzebujesz wygodnego sposobu na wyeksponowanie kolekcji figurek swojego dziecka, jednocze\u015bnie zapewniaj\u0105c do nich \u0142atwy dost\u0119p? Nasz stojak zosta\u0142 zaprojektowany tak, aby te cenne figurki by\u0142y uporz\u0105dkowane i \u0142atwo dost\u0119pne. Koniec z zagubionymi lub zapomnianymi zabawkami.<\/p>\n<p>&nbsp;<\/p>\n<h5 style=\"text-align: center;\">To nie tylko wy\u015bwietlacz; to funkcjonalne dzie\u0142o sztuki.<\/h5>\n<p style=\"text-align: center;\">Marzysz o rozwi\u0105zaniu, kt\u00f3re zainspiruje Twoje dziecko do utrzymywania zabawek w porz\u0105dku?<\/p>\n<p>&nbsp;<\/p>\n<h5 style=\"text-align: center;\">Nasz stojak na minifigurk\u0119 Cz\u0142owieka Nietoperza zamienia porz\u0105dkowanie w zabaw\u0119.<\/h5>\n<p style=\"text-align: center;\">Dzi\u0119ki dedykowanemu miejscu dla ka\u017cdej figurki dziecko pokocha uk\u0142adanie i przestawianie swojej kolekcji. Zach\u0119caj do kreatywno\u015bci i odpowiedzialno\u015bci w zabawny spos\u00f3b.<\/p>\n<p>&nbsp;<\/p>\n<p style=\"text-align: center;\">Marzysz o wzbogaceniu pokoju swojego dziecka odrobin\u0105 kreatywno\u015bci? Nasz stojak to nie tylko rozwi\u0105zanie do przechowywania; to dekoracja, kt\u00f3ra dodaje uroku przestrzeni dziecka. Grawerowane wzory i g\u0142adkie, bia\u0142e kraw\u0119dzie nadaj\u0105 mu wyj\u0105tkowy i stylowy wygl\u0105d, kt\u00f3ry uzupe\u0142ni wystr\u00f3j ka\u017cdego pomieszczenia.<\/p>\n<p>&nbsp;<\/p>\n<p style=\"text-align: center;\">Wykonana z my\u015bl\u0105 o trwa\u0142o\u015bci, nasza p\u00f3\u0142ka jest solidna i zaprojektowana tak, aby wytrzyma\u0107 dzieci\u0119c\u0105 energi\u0119 do zabawy. Stojaki na figurki s\u0105 p\u0142ynnie zintegrowane z p\u00f3\u0142k\u0105, co zapobiega ich przypadkowemu uszkodzeniu. Ponadto, \u0142atwy do przeprowadzenia proces samodzielnego monta\u017cu sprawia, \u017ce z\u0142o\u017cenie go jest dziecinnie proste &#8211; wystarczy w\u0142o\u017cy\u0107 p\u00f3\u0142ki, odklei\u0107 foli\u0119 ochronn\u0105 i voil\u00e0! Chocia\u017c podczas monta\u017cu mo\u017ce by\u0107 potrzebna pomoc osoby doros\u0142ej, efekt ko\u0144cowy jest tego wart.<\/p>\n<p>&nbsp;<\/p>\n<h6 style=\"text-align: center;\">Przekszta\u0142\u0107 przestrze\u0144 swojego dziecka w raj dla minifigurek. Zorganizuj si\u0119 i wprowad\u017a odrobin\u0119 kreatywno\u015bci do swojego domu dzi\u0119ki naszemu stojakowi na minifigurki. Nie czekaj &#8211; zam\u00f3w ju\u017c teraz i ciesz si\u0119 stylowym, wolnym od ba\u0142aganu otoczeniem dla swojej kolekcji minifigurek!<\/h6>\n<p>&nbsp;<\/p>\n<p style=\"text-align: center;\">Produkt nie zawiera minifigurek!<\/p>\n","protected":false},"excerpt":{"rendered":"<p>Przedstawiamy stojak na minifigurk\u0119 Cz\u0142owieka Nietoperza Stylowe miejsce na kolekcj\u0119! Masz do\u015b\u0107 plastikowych podstawek, kt\u00f3re&#8230;<\/p>\n","protected":false},"featured_media":6664,"comment_status":"open","ping_status":"closed","template":"","meta":[],"product_brand":[],"product_cat":[463],"product_tag":[],"class_list":{"0":"post-7841","1":"product","2":"type-product","3":"status-publish","4":"has-post-thumbnail","6":"product_cat-polki-na-minifigurki","8":"first","9":"instock","10":"shipping-taxable","11":"purchasable","12":"product-type-simple"},"_links":{"self":[{"href":"https:\/\/craft-maestro.com\/pl\/wp-json\/wp\/v2\/product\/7841","targetHints":{"allow":["GET"]}}],"collection":[{"href":"https:\/\/craft-maestro.com\/pl\/wp-json\/wp\/v2\/product"}],"about":[{"href":"https:\/\/craft-maestro.com\/pl\/wp-json\/wp\/v2\/types\/product"}],"replies":[{"embeddable":true,"href":"https:\/\/craft-maestro.com\/pl\/wp-json\/wp\/v2\/comments?post=7841"}],"wp:featuredmedia":[{"embeddable":true,"href":"https:\/\/craft-maestro.com\/pl\/wp-json\/wp\/v2\/media\/6664"}],"wp:attachment":[{"href":"https:\/\/craft-maestro.com\/pl\/wp-json\/wp\/v2\/media?parent=7841"}],"wp:term":[{"taxonomy":"product_brand","embeddable":true,"href":"https:\/\/craft-maestro.com\/pl\/wp-json\/wp\/v2\/product_brand?post=7841"},{"taxonomy":"product_cat","embeddable":true,"href":"https:\/\/craft-maestro.com\/pl\/wp-json\/wp\/v2\/product_cat?post=7841"},{"taxonomy":"product_tag","embeddable":true,"href":"https:\/\/craft-maestro.com\/pl\/wp-json\/wp\/v2\/product_tag?post=7841"}],"curies":[{"name":"wp","href":"https:\/\/api.w.org\/{rel}","templated":true}]}}