{"id":7744,"date":"2024-02-17T13:08:35","date_gmt":"2024-02-17T13:08:35","guid":{"rendered":"https:\/\/craft-maestro.com\/product\/zestaw-polek-w-ksztalcie-chmurki-3-elementy-niebieski\/"},"modified":"2024-07-11T22:21:15","modified_gmt":"2024-07-11T20:21:15","slug":"zestaw-polek-w-ksztalcie-chmurki-3-elementy-niebieski","status":"publish","type":"product","link":"https:\/\/craft-maestro.com\/pl\/produkt\/zestaw-polek-w-ksztalcie-chmurki-3-elementy-niebieski\/","title":{"rendered":"Zestaw p\u00f3\u0142ek w kszta\u0142cie chmurki &#8211; 3 elementy &#8211; niebieski"},"content":{"rendered":"<h6 style=\"text-align: center;\"><strong>Przedstawiamy zestaw trzech p\u00f3\u0142ek, kt\u00f3re wprowadz\u0105 odrobin\u0119 fantazji i wyobra\u017ani do pokoju ka\u017cdego dziecka!<\/strong><\/h6>\n<p style=\"text-align: center;\">P\u00f3\u0142ki te maj\u0105 uroczy kszta\u0142t chmurki i s\u0105 idealne do stworzenia przytulnej atmosfery do relaksu i zabawy. Zestaw zawiera jedn\u0105 du\u017c\u0105 p\u00f3\u0142k\u0119 (o wymiarach 49 cm x 25,5 cm) i dwie ma\u0142e p\u00f3\u0142ki (o wymiarach 30 cm x 15,5 cm), oferuj\u0105c du\u017co miejsca do przechowywania ksi\u0105\u017cek, zabawek i dekoracji. P\u00f3\u0142ki s\u0105 dost\u0119pne w klasycznym niebieskim kolorze, kt\u00f3ry idealnie pasuje do ka\u017cdego wystroju pokoju dzieci\u0119cego, dzi\u0119ki czemu s\u0105 odpowiednie zar\u00f3wno dla ch\u0142opc\u00f3w, jak i dziewczynek. S\u0105 one wykonane z wytrzyma\u0142ych p\u0142yt MDF o g\u0142adkiej powierzchni, kt\u00f3ra jest przyjemna w dotyku. Ukryte otwory monta\u017cowe zapewniaj\u0105 p\u0142ywaj\u0105cy efekt i schludny wygl\u0105d, a do\u0142\u0105czone kotwy do monta\u017cu na \u015bcianie sprawiaj\u0105, \u017ce instalacja jest dziecinnie prosta. Dzi\u0119ki tym p\u00f3\u0142kom mo\u017cesz stworzy\u0107 magiczn\u0105 przestrze\u0144, kt\u00f3ra zainspiruje wyobra\u017ani\u0119 Twojego dziecka i zach\u0119ci je do odkrywania otaczaj\u0105cego je \u015bwiata.<\/p>\n<h6 style=\"text-align: center;\"><strong>Zalety produktu:<\/strong><\/h6>\n<p style=\"text-align: center;\"><strong>Bezpiecze\u0144stwo: <\/strong><\/p>\n<p style=\"text-align: center;\">Dzi\u0119ki solidnej konstrukcji i wysokiej jako\u015bci materia\u0142om p\u00f3\u0142ki zapewniaj\u0105 bezpieczne miejsce do przechowywania zabawek, ksi\u0105\u017cek i innych artyku\u0142\u00f3w dzieci\u0119cych.<\/p>\n<p style=\"text-align: center;\"><strong>Estetyka:<\/strong><\/p>\n<p style=\"text-align: center;\">Kszta\u0142t chmurki dodaje uroku i rado\u015bci wn\u0119trzu pokoju dzieci\u0119cego, czyni\u0105c przestrze\u0144 bardziej zach\u0119caj\u0105c\u0105 i przytuln\u0105.<\/p>\n<p style=\"text-align: center;\"><strong>Wszechstronno\u015b\u0107:<\/strong><\/p>\n<p style=\"text-align: center;\">P\u00f3\u0142ki s\u0105 idealne do przechowywania r\u00f3\u017cnych przedmiot\u00f3w, takich jak zabawki, ksi\u0105\u017cki lub dekoracje, pomagaj\u0105c utrzyma\u0107 porz\u0105dek i organizacj\u0119 w pokoju dziecka.<\/p>\n<p style=\"text-align: center;\"><strong>Wytrzyma\u0142o\u015b\u0107 i trwa\u0142o\u015b\u0107:<\/strong><\/p>\n<p style=\"text-align: center;\">Wysokiej jako\u015bci materia\u0142y i staranne wykonanie zapewniaj\u0105, \u017ce p\u00f3\u0142ki b\u0119d\u0105 s\u0142u\u017cy\u0107 przez wiele lat, nawet przy intensywnym u\u017cytkowaniu. Waga naszych p\u00f3\u0142ek jest wi\u0119ksza ni\u017c produkt\u00f3w konkurencji &#8211; to efekt zastosowania wysokiej jako\u015bci p\u0142yty MDF (g\u0119sto\u015b\u0107 materia\u0142u).<\/p>\n<p style=\"text-align: center;\"><strong>\u0141atwa instalacja:<\/strong><\/p>\n<p style=\"text-align: center;\">Dzi\u0119ki prostej konstrukcji i kompletnemu zestawowi monta\u017cowemu p\u00f3\u0142ki mo\u017cna \u0142atwo zamontowa\u0107 na \u015bcianie, co jest idealnym rozwi\u0105zaniem dla os\u00f3b poszukuj\u0105cych praktycznych rozwi\u0105za\u0144.<\/p>\n<p style=\"text-align: center;\"><strong>Estetyczne wyko\u0144czenie:<\/strong><\/p>\n<p style=\"text-align: center;\">Malowane p\u00f3\u0142ki wygl\u0105daj\u0105 elegancko i pasuj\u0105 do r\u00f3\u017cnych wystroj\u00f3w wn\u0119trz, dodaj\u0105c pomieszczeniu \u015bwie\u017co\u015bci i lekko\u015bci.<\/p>\n<p style=\"text-align: center;\"><strong>R\u0119cznie wykonane wyko\u0144czenie:<\/strong><\/p>\n<p style=\"text-align: center;\">R\u0119cznie malowane kraw\u0119dzie dodaj\u0105 wyj\u0105tkowego uroku i dba\u0142o\u015bci o szczeg\u00f3\u0142y, czyni\u0105c p\u00f3\u0142ki jeszcze bardziej atrakcyjnymi wizualnie.<\/p>\n<p style=\"text-align: center;\"><strong>\u0141atwo\u015b\u0107 czyszczenia:<\/strong><\/p>\n<p style=\"text-align: center;\">Powierzchnia p\u00f3\u0142ki jest \u0142atwa w utrzymaniu, co u\u0142atwia codzienn\u0105 piel\u0119gnacj\u0119 w pokoju dzieci\u0119cym.<\/p>\n","protected":false},"excerpt":{"rendered":"<p>Przedstawiamy zestaw trzech p\u00f3\u0142ek, kt\u00f3re wprowadz\u0105 odrobin\u0119 fantazji i wyobra\u017ani do pokoju ka\u017cdego dziecka! P\u00f3\u0142ki&#8230;<\/p>\n","protected":false},"featured_media":6783,"comment_status":"open","ping_status":"closed","template":"","meta":[],"product_brand":[],"product_cat":[273],"product_tag":[],"class_list":{"0":"post-7744","1":"product","2":"type-product","3":"status-publish","4":"has-post-thumbnail","6":"product_cat-polki-w-ksztalcie-chmur","8":"first","9":"instock","10":"shipping-taxable","11":"purchasable","12":"product-type-simple"},"_links":{"self":[{"href":"https:\/\/craft-maestro.com\/pl\/wp-json\/wp\/v2\/product\/7744","targetHints":{"allow":["GET"]}}],"collection":[{"href":"https:\/\/craft-maestro.com\/pl\/wp-json\/wp\/v2\/product"}],"about":[{"href":"https:\/\/craft-maestro.com\/pl\/wp-json\/wp\/v2\/types\/product"}],"replies":[{"embeddable":true,"href":"https:\/\/craft-maestro.com\/pl\/wp-json\/wp\/v2\/comments?post=7744"}],"wp:featuredmedia":[{"embeddable":true,"href":"https:\/\/craft-maestro.com\/pl\/wp-json\/wp\/v2\/media\/6783"}],"wp:attachment":[{"href":"https:\/\/craft-maestro.com\/pl\/wp-json\/wp\/v2\/media?parent=7744"}],"wp:term":[{"taxonomy":"product_brand","embeddable":true,"href":"https:\/\/craft-maestro.com\/pl\/wp-json\/wp\/v2\/product_brand?post=7744"},{"taxonomy":"product_cat","embeddable":true,"href":"https:\/\/craft-maestro.com\/pl\/wp-json\/wp\/v2\/product_cat?post=7744"},{"taxonomy":"product_tag","embeddable":true,"href":"https:\/\/craft-maestro.com\/pl\/wp-json\/wp\/v2\/product_tag?post=7744"}],"curies":[{"name":"wp","href":"https:\/\/api.w.org\/{rel}","templated":true}]}}