{"id":25564,"date":"2024-07-10T23:18:39","date_gmt":"2024-07-10T21:18:39","guid":{"rendered":"https:\/\/craft-maestro.com\/product\/polka-na-ksiazki-w-ksztalcie-pilki-noznej-drewniany-schowek-do-pokoju-dzieciecego\/"},"modified":"2024-07-11T21:28:43","modified_gmt":"2024-07-11T19:28:43","slug":"polka-na-ksiazki-w-ksztalcie-pilki-noznej-drewniany-schowek-do-pokoju-dzieciecego","status":"publish","type":"product","link":"https:\/\/craft-maestro.com\/pl\/produkt\/polka-na-ksiazki-w-ksztalcie-pilki-noznej-drewniany-schowek-do-pokoju-dzieciecego\/","title":{"rendered":"P\u00f3\u0142ka na ksi\u0105\u017cki w kszta\u0142cie pi\u0142ki no\u017cnej &#8211; drewniany schowek do pokoju dzieci\u0119cego"},"content":{"rendered":"<p style=\"text-align: center;\"><strong>G\u0141\u00d3WNE KORZY\u015aCI:<\/strong><\/p>\n<p style=\"text-align: center;\">Uroczy rega\u0142 w kszta\u0142cie pi\u0142ki no\u017cnej dla dzieci<\/p>\n<p style=\"text-align: center;\">Idealny do przechowywania ksi\u0105\u017cek, przybor\u00f3w artystycznych i zabawek<\/p>\n<p style=\"text-align: center;\">Pasuje do ksi\u0105\u017cek o szeroko\u015bci do 22 cm (format A4)<\/p>\n<p style=\"text-align: center;\">Wykonane z bezpiecznych i trwa\u0142ych materia\u0142\u00f3w drewnianych<\/p>\n<p style=\"text-align: center;\">Idealny prezent dla dzieci w wieku przedszkolnym<\/p>\n<p style=\"text-align: center;\">***<\/p>\n<p style=\"text-align: center;\">Odmie\u0144 pok\u00f3j swojego dziecka dzi\u0119ki tej uroczej p\u00f3\u0142ce na ksi\u0105\u017cki w kszta\u0142cie pi\u0142ki no\u017cnej, kt\u00f3ra jest wspania\u0142ym i praktycznym rozwi\u0105zaniem do przechowywania. Ten kapry\u015bny element nie tylko dodaje odrobin\u0119 zabawy do ka\u017cdej przestrzeni, ale tak\u017ce pomaga utrzyma\u0107 porz\u0105dek w ksi\u0105\u017ckach, przyborach artystycznych i zabawkach. Z wystarczaj\u0105c\u0105 ilo\u015bci\u0105 miejsca na ksi\u0105\u017cki o szeroko\u015bci do 23 cm (format A4), zosta\u0142 zaprojektowany tak, aby zaspokoi\u0107 wszystkie potrzeby dziecka w zakresie przechowywania.<\/p>\n<p style=\"text-align: center;\">Wykonany z wysokiej jako\u015bci, bezpiecznych i trwa\u0142ych materia\u0142\u00f3w drewnianych, rega\u0142 ten jest zbudowany z my\u015bl\u0105 o trwa\u0142o\u015bci, zapewniaj\u0105c, \u017ce wytrzyma energiczn\u0105 zabaw\u0119 ma\u0142ych dzieci. Gotowy do u\u017cycia od razu po wyj\u0119ciu z pude\u0142ka, jest przemy\u015blanym pomys\u0142em na prezent dla dzieci w wieku przedszkolnym i fantastycznym sposobem na zach\u0119canie do zami\u0142owania do czytania i organizacji od najm\u0142odszych lat.<\/p>\n<p style=\"text-align: center;\">Rega\u0142 w kszta\u0142cie pi\u0142ki no\u017cnej doskonale wkomponuje si\u0119 w wystr\u00f3j ka\u017cdego pokoju dzieci\u0119cego, dodaj\u0105c zabawny, a jednocze\u015bnie funkcjonalny element. Wyprodukowany w Polsce, jest przyk\u0142adem doskona\u0142ego rzemios\u0142a i dba\u0142o\u015bci o szczeg\u00f3\u0142y.<\/p>\n<p style=\"text-align: center;\">Zapoznaj si\u0119 z nasz\u0105 ofert\u0105 przyjaznych dzieciom mebli i dekoracji, w tym uchwyt\u00f3w na przybory kuchenne i stojak\u00f3w na telefon w r\u00f3\u017cnych uroczych wzorach. Zanurz przestrze\u0144 swojego dziecka w \u015bwiecie uroczych i praktycznych mebli!<\/p>\n","protected":false},"excerpt":{"rendered":"<p>G\u0141\u00d3WNE KORZY\u015aCI: Uroczy rega\u0142 w kszta\u0142cie pi\u0142ki no\u017cnej dla dzieci Idealny do przechowywania ksi\u0105\u017cek, przybor\u00f3w&#8230;<\/p>\n","protected":false},"featured_media":25565,"comment_status":"open","ping_status":"closed","template":"","meta":[],"product_brand":[],"product_cat":[557],"product_tag":[857,858,866,867,871,872,864,863,859,868,869,870,860,856,873],"class_list":{"0":"post-25564","1":"product","2":"type-product","3":"status-publish","4":"has-post-thumbnail","6":"product_cat-polki-na-ksiazki","7":"product_tag-drewniany","8":"product_tag-jednorozec","9":"product_tag-kot","10":"product_tag-kroliczek","11":"product_tag-ksiazka","12":"product_tag-niedzwiedz","13":"product_tag-pies","14":"product_tag-pilka-nozna","15":"product_tag-przechywowanie","16":"product_tag-pudelko","17":"product_tag-regal","18":"product_tag-regal-pl","19":"product_tag-sarenka","20":"product_tag-zoo-pl","21":"product_tag-zwierze","23":"first","24":"instock","25":"shipping-taxable","26":"purchasable","27":"product-type-simple"},"_links":{"self":[{"href":"https:\/\/craft-maestro.com\/pl\/wp-json\/wp\/v2\/product\/25564","targetHints":{"allow":["GET"]}}],"collection":[{"href":"https:\/\/craft-maestro.com\/pl\/wp-json\/wp\/v2\/product"}],"about":[{"href":"https:\/\/craft-maestro.com\/pl\/wp-json\/wp\/v2\/types\/product"}],"replies":[{"embeddable":true,"href":"https:\/\/craft-maestro.com\/pl\/wp-json\/wp\/v2\/comments?post=25564"}],"wp:featuredmedia":[{"embeddable":true,"href":"https:\/\/craft-maestro.com\/pl\/wp-json\/wp\/v2\/media\/25565"}],"wp:attachment":[{"href":"https:\/\/craft-maestro.com\/pl\/wp-json\/wp\/v2\/media?parent=25564"}],"wp:term":[{"taxonomy":"product_brand","embeddable":true,"href":"https:\/\/craft-maestro.com\/pl\/wp-json\/wp\/v2\/product_brand?post=25564"},{"taxonomy":"product_cat","embeddable":true,"href":"https:\/\/craft-maestro.com\/pl\/wp-json\/wp\/v2\/product_cat?post=25564"},{"taxonomy":"product_tag","embeddable":true,"href":"https:\/\/craft-maestro.com\/pl\/wp-json\/wp\/v2\/product_tag?post=25564"}],"curies":[{"name":"wp","href":"https:\/\/api.w.org\/{rel}","templated":true}]}}