{"id":7009,"date":"2019-01-03T03:25:53","date_gmt":"2019-01-03T02:25:53","guid":{"rendered":"https:\/\/craft-maestro.com\/kontakt\/"},"modified":"2024-03-20T00:54:17","modified_gmt":"2024-03-19T23:54:17","slug":"kontakt","status":"publish","type":"page","link":"https:\/\/craft-maestro.com\/pl\/kontakt\/","title":{"rendered":"Kontakt"},"content":{"rendered":"\t\t<div data-elementor-type=\"wp-post\" data-elementor-id=\"7009\" class=\"elementor elementor-7009 elementor-201\">\n\t\t\t\t<div class=\"elementor-element elementor-element-98c6d63 e-flex e-con-boxed e-con e-parent\" data-id=\"98c6d63\" data-element_type=\"container\" data-e-type=\"container\">\n\t\t\t\t\t<div class=\"e-con-inner\">\n\t\t<div class=\"elementor-element elementor-element-65e211d e-con-full e-flex e-con e-child\" data-id=\"65e211d\" data-element_type=\"container\" data-e-type=\"container\">\n\t\t\t\t<div class=\"elementor-element elementor-element-51e72a6 elementor-widget__width-initial elementor-widget elementor-widget-text-editor\" data-id=\"51e72a6\" data-element_type=\"widget\" data-e-type=\"widget\" data-widget_type=\"text-editor.default\">\n\t\t\t\t<div class=\"elementor-widget-container\">\n\t\t\t\t\t\t\t\t\t<h2 style=\"margin-top: 0px; margin-bottom: 0px; padding: 24px 0px 4px; border: 0px; outline-style: initial; outline-width: 0px; font-size: 16px; text-size-adjust: 100%; vertical-align: baseline; background-image: initial; background-position: initial; background-size: initial; background-repeat: initial; background-attachment: initial; background-origin: initial; background-clip: initial; color: #616161; line-height: 24px; font-family: Quicksand, Helvetica, Arial, Lucida, sans-serif;\">E-mail:<\/h2>\n<p style=\"margin-top: 0px; margin-bottom: 0px; padding: 0px 0px 10px; border: 0px; outline-style: initial; outline-width: 0px; text-size-adjust: 100%; vertical-align: baseline; background-image: initial; background-position: initial; background-size: initial; background-repeat: initial; background-attachment: initial; background-origin: initial; background-clip: initial; color: #000000; line-height: 24px; font-family: Quicksand, Helvetica, Arial, Lucida, sans-serif; font-size: 16px !important;\"><a href=\"mailto:contact@craft-maestro.com\">contact@craft-maestro.com<\/a><\/p>\n<h2 style=\"margin-top: 0px; margin-bottom: 0px; padding: 24px 0px 4px; border: 0px; outline-style: initial; outline-width: 0px; font-size: 16px; text-size-adjust: 100%; vertical-align: baseline; background-image: initial; background-position: initial; background-size: initial; background-repeat: initial; background-attachment: initial; background-origin: initial; background-clip: initial; color: #616161; line-height: 24px; font-family: Quicksand, Helvetica, Arial, Lucida, sans-serif;\"><span style=\"text-align: var(--text-align); color: #8f8f8f; font-family: Poppins; font-size: 14px;\">GloTrade Sp\u00f3\u0142ka z Ograniczon\u0105 Odpowiedzialno\u015bci\u0105<\/span><\/h2>\n<p>ul. Pi\u0119kna 23E\/28<\/p>\n<p>50-506 Wroc\u0142aw<\/p>\n<p>&#8222;GloTrade&#8221; jest w\u0142a\u015bcicielem marki &#8222;Craft Maestro&#8221;.<\/p>\n\t\t\t\t\t\t\t\t<\/div>\n\t\t\t\t<\/div>\n\t\t\t\t<\/div>\n\t\t<div class=\"elementor-element elementor-element-7ebaf70 e-con-full e-flex e-con e-child\" data-id=\"7ebaf70\" data-element_type=\"container\" data-e-type=\"container\">\n\t\t\t\t<div class=\"elementor-element elementor-element-ec333c1 elementor-widget elementor-widget-google_maps\" data-id=\"ec333c1\" data-element_type=\"widget\" data-e-type=\"widget\" data-widget_type=\"google_maps.default\">\n\t\t\t\t<div class=\"elementor-widget-container\">\n\t\t\t\t\t\t\t<div class=\"elementor-custom-embed\">\n\t\t\t<iframe loading=\"lazy\"\n\t\t\t\t\tsrc=\"https:\/\/maps.google.com\/maps?q=Wroc%C5%82aw%2C%20ul.%20Pi%C4%99kna%2023E&#038;t=m&#038;z=10&#038;output=embed&#038;iwloc=near\"\n\t\t\t\t\ttitle=\"Wroc\u0142aw, ul. Pi\u0119kna 23E\"\n\t\t\t\t\taria-label=\"Wroc\u0142aw, ul. Pi\u0119kna 23E\"\n\t\t\t><\/iframe>\n\t\t<\/div>\n\t\t\t\t\t\t<\/div>\n\t\t\t\t<\/div>\n\t\t\t\t<\/div>\n\t\t\t\t\t<\/div>\n\t\t\t\t<\/div>\n\t\t\t\t<section class=\"elementor-section elementor-top-section elementor-element elementor-element-bedbc58 elementor-section-boxed elementor-section-height-default elementor-section-height-default\" data-id=\"bedbc58\" data-element_type=\"section\" data-e-type=\"section\">\n\t\t\t\t\t\t<div class=\"elementor-container elementor-column-gap-default\">\n\t\t\t\t\t<div class=\"elementor-column elementor-col-100 elementor-top-column elementor-element elementor-element-bbc8abc\" data-id=\"bbc8abc\" data-element_type=\"column\" data-e-type=\"column\">\n\t\t\t<div class=\"elementor-widget-wrap\">\n\t\t\t\t\t\t\t<\/div>\n\t\t<\/div>\n\t\t\t\t\t<\/div>\n\t\t<\/section>\n\t\t<div class=\"elementor-element elementor-element-fb2f6f4 e-flex e-con-boxed e-con e-parent\" data-id=\"fb2f6f4\" data-element_type=\"container\" data-e-type=\"container\">\n\t\t\t\t\t<div class=\"e-con-inner\">\n\t\t\t\t<div class=\"elementor-element elementor-element-c7cecbd elementor-shape-rounded elementor-grid-0 e-grid-align-center elementor-invisible elementor-widget elementor-widget-social-icons\" data-id=\"c7cecbd\" data-element_type=\"widget\" data-e-type=\"widget\" data-settings=\"{&quot;_animation&quot;:&quot;fadeInDown&quot;}\" data-widget_type=\"social-icons.default\">\n\t\t\t\t<div class=\"elementor-widget-container\">\n\t\t\t\t\t\t\t<div class=\"elementor-social-icons-wrapper elementor-grid\" role=\"list\">\n\t\t\t\t\t\t\t<span class=\"elementor-grid-item\" role=\"listitem\">\n\t\t\t\t\t<a class=\"elementor-icon elementor-social-icon elementor-social-icon-facebook elementor-repeater-item-c95ba88\" href=\"https:\/\/www.facebook.com\/CraftMaestroPL\/\" target=\"_blank\" rel=\"noopener\">\n\t\t\t\t\t\t<span class=\"elementor-screen-only\">Facebook<\/span>\n\t\t\t\t\t\t<i aria-hidden=\"true\" class=\"fab fa-facebook\"><\/i>\t\t\t\t\t<\/a>\n\t\t\t\t<\/span>\n\t\t\t\t\t\t\t<span class=\"elementor-grid-item\" role=\"listitem\">\n\t\t\t\t\t<a class=\"elementor-icon elementor-social-icon elementor-social-icon-instagram elementor-repeater-item-f760273\" href=\"https:\/\/www.instagram.com\/craftmaestropl\/https:\/\/www.instagram.com\/craftmaestropl\/\" target=\"_blank\" rel=\"noopener\">\n\t\t\t\t\t\t<span class=\"elementor-screen-only\">Instagram<\/span>\n\t\t\t\t\t\t<i aria-hidden=\"true\" class=\"fab fa-instagram\"><\/i>\t\t\t\t\t<\/a>\n\t\t\t\t<\/span>\n\t\t\t\t\t\t\t<span class=\"elementor-grid-item\" role=\"listitem\">\n\t\t\t\t\t<a class=\"elementor-icon elementor-social-icon elementor-social-icon-pinterest elementor-repeater-item-31d9e53\" href=\"https:\/\/pl.pinterest.com\/CraftMaestroPL\/\" target=\"_blank\" rel=\"noopener\">\n\t\t\t\t\t\t<span class=\"elementor-screen-only\">Pinterest<\/span>\n\t\t\t\t\t\t<i aria-hidden=\"true\" class=\"fab fa-pinterest\"><\/i>\t\t\t\t\t<\/a>\n\t\t\t\t<\/span>\n\t\t\t\t\t<\/div>\n\t\t\t\t\t\t<\/div>\n\t\t\t\t<\/div>\n\t\t\t\t\t<\/div>\n\t\t\t\t<\/div>\n\t\t<div class=\"elementor-element elementor-element-ca9af7a e-flex e-con-boxed e-con e-parent\" data-id=\"ca9af7a\" data-element_type=\"container\" data-e-type=\"container\">\n\t\t\t\t\t<div class=\"e-con-inner\">\n\t\t\t\t\t<\/div>\n\t\t\t\t<\/div>\n\t\t\t\t<\/div>\n\t\t","protected":false},"excerpt":{"rendered":"<p>E-mail: contact@craft-maestro.com GloTrade Sp\u00f3\u0142ka z Ograniczon\u0105 Odpowiedzialno\u015bci\u0105 ul. Pi\u0119kna 23E\/28 50-506 Wroc\u0142aw &#8222;GloTrade&#8221; jest w\u0142a\u015bcicielem&#8230;<\/p>\n","protected":false},"author":1,"featured_media":0,"parent":0,"menu_order":0,"comment_status":"closed","ping_status":"closed","template":"","meta":{"footnotes":""},"class_list":["post-7009","page","type-page","status-publish","hentry"],"post-meta":{"_elementor_edit_mode":["builder"],"_elementor_template_type":["wp-post"],"_elementor_version":["3.19.2"],"_top_nav_excluded":[""],"_cms_nav_minihome":[""],"_wp_page_template":["default"],"_elementor_data":["[{\"id\":\"98c6d63\",\"elType\":\"container\",\"settings\":{\"flex_direction\":\"row\",\"flex_gap\":{\"unit\":\"px\",\"size\":0}},\"elements\":[{\"id\":\"65e211d\",\"elType\":\"container\",\"settings\":{\"flex_direction\":\"column\",\"content_width\":\"full\",\"width\":{\"unit\":\"%\",\"size\":36},\"_flex_size\":\"none\",\"_element_width\":\"initial\"},\"elements\":[{\"id\":\"51e72a6\",\"elType\":\"widget\",\"settings\":{\"editor\":\"<h2 style=\\\"margin-top: 0px; margin-bottom: 0px; padding: 24px 0px 4px; border: 0px; outline-style: initial; outline-width: 0px; font-size: 16px; text-size-adjust: 100%; vertical-align: baseline; background-image: initial; background-position: initial; background-size: initial; background-repeat: initial; background-attachment: initial; background-origin: initial; background-clip: initial; color: #616161; line-height: 24px; font-family: Quicksand, Helvetica, Arial, Lucida, sans-serif;\\\">E-mail:<\\\/h2>\\n<p style=\\\"margin-top: 0px; margin-bottom: 0px; padding: 0px 0px 10px; border: 0px; outline-style: initial; outline-width: 0px; text-size-adjust: 100%; vertical-align: baseline; background-image: initial; background-position: initial; background-size: initial; background-repeat: initial; background-attachment: initial; background-origin: initial; background-clip: initial; color: #000000; line-height: 24px; font-family: Quicksand, Helvetica, Arial, Lucida, sans-serif; font-size: 16px !important;\\\"><a href=\\\"mailto:contact@craft-maestro.com\\\">contact@craft-maestro.com<\\\/a><\\\/p>\\n<h2 style=\\\"margin-top: 0px; margin-bottom: 0px; padding: 24px 0px 4px; border: 0px; outline-style: initial; outline-width: 0px; font-size: 16px; text-size-adjust: 100%; vertical-align: baseline; background-image: initial; background-position: initial; background-size: initial; background-repeat: initial; background-attachment: initial; background-origin: initial; background-clip: initial; color: #616161; line-height: 24px; font-family: Quicksand, Helvetica, Arial, Lucida, sans-serif;\\\"><span style=\\\"text-align: var(--text-align); color: #8f8f8f; font-family: Poppins; font-size: 14px;\\\">GloTrade Sp\\u00f3\\u0142ka z Ograniczon\\u0105 Odpowiedzialno\\u015bci\\u0105<\\\/span><\\\/h2>\\n<p>ul. Pi\\u0119kna 23E\\\/28<\\\/p>\\n<p>50-506 Wroc\\u0142aw<\\\/p>\\n<p>\\\"GloTrade\\\" jest w\\u0142a\\u015bcicielem marki \\\"Craft Maestro\\\".<\\\/p>\\n\",\"_element_width\":\"initial\",\"_element_custom_width\":{\"unit\":\"%\",\"size\":97.339},\"_flex_size\":\"none\",\"text_color\":\"#B0B0B0\"},\"elements\":[],\"widgetType\":\"text-editor\"}],\"isInner\":true},{\"id\":\"7ebaf70\",\"elType\":\"container\",\"settings\":{\"flex_direction\":\"column\",\"content_width\":\"full\",\"width\":{\"unit\":\"%\",\"size\":71.825},\"_flex_size\":\"none\",\"_element_width\":\"initial\"},\"elements\":[{\"id\":\"ec333c1\",\"elType\":\"widget\",\"settings\":{\"address\":\"Wroc\\u0142aw, ul. Pi\\u0119kna 23E\",\"height\":{\"unit\":\"px\",\"size\":300,\"sizes\":[]}},\"elements\":[],\"widgetType\":\"google_maps\"}],\"isInner\":true}],\"isInner\":false},{\"id\":\"bedbc58\",\"elType\":\"section\",\"settings\":{\"margin\":{\"unit\":\"px\",\"top\":\"60\",\"right\":0,\"bottom\":\"60\",\"left\":0,\"isLinked\":true}},\"elements\":[{\"id\":\"bbc8abc\",\"elType\":\"column\",\"settings\":{\"_column_size\":100},\"elements\":[],\"isInner\":false}],\"isInner\":false},{\"id\":\"fb2f6f4\",\"elType\":\"container\",\"settings\":{\"flex_direction\":\"row\",\"flex_gap\":{\"unit\":\"px\",\"size\":0},\"flex_justify_content\":\"center\",\"flex_align_items\":\"center\"},\"elements\":[{\"id\":\"c7cecbd\",\"elType\":\"widget\",\"settings\":{\"social_icon_list\":[{\"social_icon\":{\"value\":\"fab fa-facebook\",\"library\":\"fa-brands\"},\"_id\":\"c95ba88\",\"link\":{\"url\":\"https:\\\/\\\/www.facebook.com\\\/CraftMaestroPL\\\/\",\"is_external\":\"true\",\"nofollow\":\"\",\"custom_attributes\":\"\"}},{\"_id\":\"f760273\",\"social_icon\":{\"value\":\"fab fa-instagram\",\"library\":\"fa-brands\"},\"link\":{\"url\":\"https:\\\/\\\/www.instagram.com\\\/craftmaestropl\\\/https:\\\/\\\/www.instagram.com\\\/craftmaestropl\\\/\",\"is_external\":\"true\",\"nofollow\":\"\",\"custom_attributes\":\"\"}},{\"_id\":\"31d9e53\",\"social_icon\":{\"value\":\"fab fa-pinterest\",\"library\":\"fa-brands\"},\"link\":{\"url\":\"https:\\\/\\\/pl.pinterest.com\\\/CraftMaestroPL\\\/\",\"is_external\":\"true\",\"nofollow\":\"\",\"custom_attributes\":\"\"}}],\"_animation\":\"fadeInDown\"},\"elements\":[],\"widgetType\":\"social-icons\"}],\"isInner\":false},{\"id\":\"ca9af7a\",\"elType\":\"container\",\"settings\":[],\"elements\":[],\"isInner\":false}]"],"_last_translation_edit_mode":["translation-editor"],"_elementor_template_widget_type":[""],"_elementor_popup_display_settings":[""],"rank_math_news_sitemap_robots":["index"],"rank_math_robots":["a:1:{i:0;s:5:\"index\";}"],"rank_math_analytic_object_id":["464"],"rank_math_internal_links_processed":["1"],"_elementor_page_assets":["a:2:{s:7:\"scripts\";a:1:{i:0;s:18:\"elementor-frontend\";}s:6:\"styles\";a:4:{i:0;s:18:\"widget-google_maps\";i:1;s:22:\"e-animation-fadeInDown\";i:2;s:19:\"widget-social-icons\";i:3;s:14:\"e-apple-webkit\";}}"],"_elementor_css":["a:6:{s:4:\"time\";i:1776760134;s:5:\"fonts\";a:0:{}s:5:\"icons\";a:1:{i:0;s:9:\"fa-brands\";}s:20:\"dynamic_elements_ids\";a:0:{}s:6:\"status\";s:4:\"file\";i:0;s:0:\"\";}"],"_elementor_element_cache":["{\"timeout\":1776853735,\"value\":{\"content\":\"<div class=\\\"elementor-element elementor-element-98c6d63 e-flex e-con-boxed e-con e-parent\\\" data-id=\\\"98c6d63\\\" data-element_type=\\\"container\\\" data-e-type=\\\"container\\\">\\n\\t\\t\\t\\t\\t<div class=\\\"e-con-inner\\\">\\n\\t\\t<div class=\\\"elementor-element elementor-element-65e211d e-con-full e-flex e-con e-child\\\" data-id=\\\"65e211d\\\" data-element_type=\\\"container\\\" data-e-type=\\\"container\\\">\\n\\t\\t[elementor-element k=\\\"0f7b38a3cd399344366e48e2be496de9\\\" data=\\\"eyJpZCI6IjUxZTcyYTYiLCJlbFR5cGUiOiJ3aWRnZXQiLCJzZXR0aW5ncyI6eyJlZGl0b3IiOiI8aDIgc3R5bGU9XCJtYXJnaW4tdG9wOiAwcHg7IG1hcmdpbi1ib3R0b206IDBweDsgcGFkZGluZzogMjRweCAwcHggNHB4OyBib3JkZXI6IDBweDsgb3V0bGluZS1zdHlsZTogaW5pdGlhbDsgb3V0bGluZS13aWR0aDogMHB4OyBmb250LXNpemU6IDE2cHg7IHRleHQtc2l6ZS1hZGp1c3Q6IDEwMCU7IHZlcnRpY2FsLWFsaWduOiBiYXNlbGluZTsgYmFja2dyb3VuZC1pbWFnZTogaW5pdGlhbDsgYmFja2dyb3VuZC1wb3NpdGlvbjogaW5pdGlhbDsgYmFja2dyb3VuZC1zaXplOiBpbml0aWFsOyBiYWNrZ3JvdW5kLXJlcGVhdDogaW5pdGlhbDsgYmFja2dyb3VuZC1hdHRhY2htZW50OiBpbml0aWFsOyBiYWNrZ3JvdW5kLW9yaWdpbjogaW5pdGlhbDsgYmFja2dyb3VuZC1jbGlwOiBpbml0aWFsOyBjb2xvcjogIzYxNjE2MTsgbGluZS1oZWlnaHQ6IDI0cHg7IGZvbnQtZmFtaWx5OiBRdWlja3NhbmQsIEhlbHZldGljYSwgQXJpYWwsIEx1Y2lkYSwgc2Fucy1zZXJpZjtcIj5FLW1haWw6PFwvaDI+XG48cCBzdHlsZT1cIm1hcmdpbi10b3A6IDBweDsgbWFyZ2luLWJvdHRvbTogMHB4OyBwYWRkaW5nOiAwcHggMHB4IDEwcHg7IGJvcmRlcjogMHB4OyBvdXRsaW5lLXN0eWxlOiBpbml0aWFsOyBvdXRsaW5lLXdpZHRoOiAwcHg7IHRleHQtc2l6ZS1hZGp1c3Q6IDEwMCU7IHZlcnRpY2FsLWFsaWduOiBiYXNlbGluZTsgYmFja2dyb3VuZC1pbWFnZTogaW5pdGlhbDsgYmFja2dyb3VuZC1wb3NpdGlvbjogaW5pdGlhbDsgYmFja2dyb3VuZC1zaXplOiBpbml0aWFsOyBiYWNrZ3JvdW5kLXJlcGVhdDogaW5pdGlhbDsgYmFja2dyb3VuZC1hdHRhY2htZW50OiBpbml0aWFsOyBiYWNrZ3JvdW5kLW9yaWdpbjogaW5pdGlhbDsgYmFja2dyb3VuZC1jbGlwOiBpbml0aWFsOyBjb2xvcjogIzAwMDAwMDsgbGluZS1oZWlnaHQ6IDI0cHg7IGZvbnQtZmFtaWx5OiBRdWlja3NhbmQsIEhlbHZldGljYSwgQXJpYWwsIEx1Y2lkYSwgc2Fucy1zZXJpZjsgZm9udC1zaXplOiAxNnB4ICFpbXBvcnRhbnQ7XCI+PGEgaHJlZj1cIm1haWx0bzpjb250YWN0QGNyYWZ0LW1hZXN0cm8uY29tXCI+Y29udGFjdEBjcmFmdC1tYWVzdHJvLmNvbTxcL2E+PFwvcD5cbjxoMiBzdHlsZT1cIm1hcmdpbi10b3A6IDBweDsgbWFyZ2luLWJvdHRvbTogMHB4OyBwYWRkaW5nOiAyNHB4IDBweCA0cHg7IGJvcmRlcjogMHB4OyBvdXRsaW5lLXN0eWxlOiBpbml0aWFsOyBvdXRsaW5lLXdpZHRoOiAwcHg7IGZvbnQtc2l6ZTogMTZweDsgdGV4dC1zaXplLWFkanVzdDogMTAwJTsgdmVydGljYWwtYWxpZ246IGJhc2VsaW5lOyBiYWNrZ3JvdW5kLWltYWdlOiBpbml0aWFsOyBiYWNrZ3JvdW5kLXBvc2l0aW9uOiBpbml0aWFsOyBiYWNrZ3JvdW5kLXNpemU6IGluaXRpYWw7IGJhY2tncm91bmQtcmVwZWF0OiBpbml0aWFsOyBiYWNrZ3JvdW5kLWF0dGFjaG1lbnQ6IGluaXRpYWw7IGJhY2tncm91bmQtb3JpZ2luOiBpbml0aWFsOyBiYWNrZ3JvdW5kLWNsaXA6IGluaXRpYWw7IGNvbG9yOiAjNjE2MTYxOyBsaW5lLWhlaWdodDogMjRweDsgZm9udC1mYW1pbHk6IFF1aWNrc2FuZCwgSGVsdmV0aWNhLCBBcmlhbCwgTHVjaWRhLCBzYW5zLXNlcmlmO1wiPjxzcGFuIHN0eWxlPVwidGV4dC1hbGlnbjogdmFyKC0tdGV4dC1hbGlnbik7IGNvbG9yOiAjOGY4ZjhmOyBmb250LWZhbWlseTogUG9wcGluczsgZm9udC1zaXplOiAxNHB4O1wiPkdsb1RyYWRlIFNwXHUwMGYzXHUwMTQya2EgeiBPZ3Jhbmljem9uXHUwMTA1IE9kcG93aWVkemlhbG5vXHUwMTViY2lcdTAxMDU8XC9zcGFuPjxcL2gyPlxuPHA+dWwuIFBpXHUwMTE5a25hIDIzRVwvMjg8XC9wPlxuPHA+NTAtNTA2IFdyb2NcdTAxNDJhdzxcL3A+XG48cD5cIkdsb1RyYWRlXCIgamVzdCB3XHUwMTQyYVx1MDE1YmNpY2llbGVtIG1hcmtpIFwiQ3JhZnQgTWFlc3Ryb1wiLjxcL3A+XG4iLCJfZWxlbWVudF93aWR0aCI6ImluaXRpYWwiLCJfZWxlbWVudF9jdXN0b21fd2lkdGgiOnsidW5pdCI6IiUiLCJzaXplIjo5Ny4zMzl9LCJfZmxleF9zaXplIjoibm9uZSIsInRleHRfY29sb3IiOiIjQjBCMEIwIn0sImVsZW1lbnRzIjpbXSwid2lkZ2V0VHlwZSI6InRleHQtZWRpdG9yIn0=\\\"]\\t\\t<\\\/div>\\n\\t\\t<div class=\\\"elementor-element elementor-element-7ebaf70 e-con-full e-flex e-con e-child\\\" data-id=\\\"7ebaf70\\\" data-element_type=\\\"container\\\" data-e-type=\\\"container\\\">\\n\\t\\t\\t\\t<div class=\\\"elementor-element elementor-element-ec333c1 elementor-widget elementor-widget-google_maps\\\" data-id=\\\"ec333c1\\\" data-element_type=\\\"widget\\\" data-e-type=\\\"widget\\\" data-widget_type=\\\"google_maps.default\\\">\\n\\t\\t\\t\\t<div class=\\\"elementor-widget-container\\\">\\n\\t\\t\\t\\t\\t\\t\\t<div class=\\\"elementor-custom-embed\\\">\\n\\t\\t\\t<iframe loading=\\\"lazy\\\"\\n\\t\\t\\t\\t\\tsrc=\\\"https:\\\/\\\/maps.google.com\\\/maps?q=Wroc%C5%82aw%2C%20ul.%20Pi%C4%99kna%2023E&#038;t=m&#038;z=10&#038;output=embed&#038;iwloc=near\\\"\\n\\t\\t\\t\\t\\ttitle=\\\"Wroc\\u0142aw, ul. Pi\\u0119kna 23E\\\"\\n\\t\\t\\t\\t\\taria-label=\\\"Wroc\\u0142aw, ul. Pi\\u0119kna 23E\\\"\\n\\t\\t\\t><\\\/iframe>\\n\\t\\t<\\\/div>\\n\\t\\t\\t\\t\\t\\t<\\\/div>\\n\\t\\t\\t\\t<\\\/div>\\n\\t\\t\\t\\t<\\\/div>\\n\\t\\t\\t\\t\\t<\\\/div>\\n\\t\\t\\t\\t<\\\/div>\\n\\t\\t\\t\\t<section class=\\\"elementor-section elementor-top-section elementor-element elementor-element-bedbc58 elementor-section-boxed elementor-section-height-default elementor-section-height-default\\\" data-id=\\\"bedbc58\\\" data-element_type=\\\"section\\\" data-e-type=\\\"section\\\">\\n\\t\\t\\t\\t\\t\\t<div class=\\\"elementor-container elementor-column-gap-default\\\">\\n\\t\\t\\t\\t\\t<div class=\\\"elementor-column elementor-col-100 elementor-top-column elementor-element elementor-element-bbc8abc\\\" data-id=\\\"bbc8abc\\\" data-element_type=\\\"column\\\" data-e-type=\\\"column\\\">\\n\\t\\t\\t<div class=\\\"elementor-widget-wrap\\\">\\n\\t\\t\\t\\t\\t\\t\\t<\\\/div>\\n\\t\\t<\\\/div>\\n\\t\\t\\t\\t\\t<\\\/div>\\n\\t\\t<\\\/section>\\n\\t\\t<div class=\\\"elementor-element elementor-element-fb2f6f4 e-flex e-con-boxed e-con e-parent\\\" data-id=\\\"fb2f6f4\\\" data-element_type=\\\"container\\\" data-e-type=\\\"container\\\">\\n\\t\\t\\t\\t\\t<div class=\\\"e-con-inner\\\">\\n\\t\\t\\t\\t<div class=\\\"elementor-element elementor-element-c7cecbd elementor-shape-rounded elementor-grid-0 e-grid-align-center elementor-invisible elementor-widget elementor-widget-social-icons\\\" data-id=\\\"c7cecbd\\\" data-element_type=\\\"widget\\\" data-e-type=\\\"widget\\\" data-settings=\\\"{&quot;_animation&quot;:&quot;fadeInDown&quot;}\\\" data-widget_type=\\\"social-icons.default\\\">\\n\\t\\t\\t\\t<div class=\\\"elementor-widget-container\\\">\\n\\t\\t\\t\\t\\t\\t\\t<div class=\\\"elementor-social-icons-wrapper elementor-grid\\\" role=\\\"list\\\">\\n\\t\\t\\t\\t\\t\\t\\t<span class=\\\"elementor-grid-item\\\" role=\\\"listitem\\\">\\n\\t\\t\\t\\t\\t<a class=\\\"elementor-icon elementor-social-icon elementor-social-icon-facebook elementor-repeater-item-c95ba88\\\" href=\\\"https:\\\/\\\/www.facebook.com\\\/CraftMaestroPL\\\/\\\" target=\\\"_blank\\\">\\n\\t\\t\\t\\t\\t\\t<span class=\\\"elementor-screen-only\\\">Facebook<\\\/span>\\n\\t\\t\\t\\t\\t\\t<i aria-hidden=\\\"true\\\" class=\\\"fab fa-facebook\\\"><\\\/i>\\t\\t\\t\\t\\t<\\\/a>\\n\\t\\t\\t\\t<\\\/span>\\n\\t\\t\\t\\t\\t\\t\\t<span class=\\\"elementor-grid-item\\\" role=\\\"listitem\\\">\\n\\t\\t\\t\\t\\t<a class=\\\"elementor-icon elementor-social-icon elementor-social-icon-instagram elementor-repeater-item-f760273\\\" href=\\\"https:\\\/\\\/www.instagram.com\\\/craftmaestropl\\\/https:\\\/\\\/www.instagram.com\\\/craftmaestropl\\\/\\\" target=\\\"_blank\\\">\\n\\t\\t\\t\\t\\t\\t<span class=\\\"elementor-screen-only\\\">Instagram<\\\/span>\\n\\t\\t\\t\\t\\t\\t<i aria-hidden=\\\"true\\\" class=\\\"fab fa-instagram\\\"><\\\/i>\\t\\t\\t\\t\\t<\\\/a>\\n\\t\\t\\t\\t<\\\/span>\\n\\t\\t\\t\\t\\t\\t\\t<span class=\\\"elementor-grid-item\\\" role=\\\"listitem\\\">\\n\\t\\t\\t\\t\\t<a class=\\\"elementor-icon elementor-social-icon elementor-social-icon-pinterest elementor-repeater-item-31d9e53\\\" href=\\\"https:\\\/\\\/pl.pinterest.com\\\/CraftMaestroPL\\\/\\\" target=\\\"_blank\\\">\\n\\t\\t\\t\\t\\t\\t<span class=\\\"elementor-screen-only\\\">Pinterest<\\\/span>\\n\\t\\t\\t\\t\\t\\t<i aria-hidden=\\\"true\\\" class=\\\"fab fa-pinterest\\\"><\\\/i>\\t\\t\\t\\t\\t<\\\/a>\\n\\t\\t\\t\\t<\\\/span>\\n\\t\\t\\t\\t\\t<\\\/div>\\n\\t\\t\\t\\t\\t\\t<\\\/div>\\n\\t\\t\\t\\t<\\\/div>\\n\\t\\t\\t\\t\\t<\\\/div>\\n\\t\\t\\t\\t<\\\/div>\\n\\t\\t<div class=\\\"elementor-element elementor-element-ca9af7a e-flex e-con-boxed e-con e-parent\\\" data-id=\\\"ca9af7a\\\" data-element_type=\\\"container\\\" data-e-type=\\\"container\\\">\\n\\t\\t\\t\\t\\t<div class=\\\"e-con-inner\\\">\\n\\t\\t\\t\\t\\t<\\\/div>\\n\\t\\t\\t\\t<\\\/div>\\n\\t\\t\",\"scripts\":[],\"styles\":[]}}"]},"_links":{"self":[{"href":"https:\/\/craft-maestro.com\/pl\/wp-json\/wp\/v2\/pages\/7009","targetHints":{"allow":["GET"]}}],"collection":[{"href":"https:\/\/craft-maestro.com\/pl\/wp-json\/wp\/v2\/pages"}],"about":[{"href":"https:\/\/craft-maestro.com\/pl\/wp-json\/wp\/v2\/types\/page"}],"author":[{"embeddable":true,"href":"https:\/\/craft-maestro.com\/pl\/wp-json\/wp\/v2\/users\/1"}],"replies":[{"embeddable":true,"href":"https:\/\/craft-maestro.com\/pl\/wp-json\/wp\/v2\/comments?post=7009"}],"version-history":[{"count":0,"href":"https:\/\/craft-maestro.com\/pl\/wp-json\/wp\/v2\/pages\/7009\/revisions"}],"wp:attachment":[{"href":"https:\/\/craft-maestro.com\/pl\/wp-json\/wp\/v2\/media?parent=7009"}],"curies":[{"name":"wp","href":"https:\/\/api.w.org\/{rel}","templated":true}]}}