{"id":8817,"date":"2024-04-02T23:19:35","date_gmt":"2024-04-02T21:19:35","guid":{"rendered":"https:\/\/craft-maestro.com\/?post_type=product&#038;p=8817"},"modified":"2024-10-30T18:22:59","modified_gmt":"2024-10-30T17:22:59","slug":"giraffe-personalisierte-led-nachtlampe-aus-holz-fur-kinder-kopia","status":"publish","type":"product","link":"https:\/\/craft-maestro.com\/de\/produkt\/giraffe-personalisierte-led-nachtlampe-aus-holz-fur-kinder-kopia\/","title":{"rendered":"Schlafender blauer Teddyb\u00e4r auf dem Mond personalisierte LED-Nachtlampe aus Holz f\u00fcr Kinder"},"content":{"rendered":"<p style=\"text-align: center;\"><strong>Schlafender blauer Teddyb\u00e4r auf dem Mond<\/strong><\/p>\n<p style=\"text-align: center;\">Die personalisierte LED-Nachtlampe aus Holz f\u00fcr Kinder ist eine einzigartige und charmante Erg\u00e4nzung f\u00fcr jedes Kinderzimmer. Diese aus Holz und Leidenschaft gefertigte Lampe zeigt ein entz\u00fcckendes Motiv eines schlafenden blauen Teddyb\u00e4ren auf dem Mond und schafft eine gem\u00fctliche und magische Atmosph\u00e4re, die Ihr Kind lieben wird.<\/p>\n<p style=\"text-align: center;\">Das h\u00f6lzerne Nachtlicht f\u00fcr Kinder wurde entworfen, um die Ecke Ihres Kindes noch besonderer zu machen. Sein sanftes Leuchten erhellt nicht nur den Raum, sondern verleiht ihm auch Charme und W\u00e4rme. Mit ihrer angenehmen Beleuchtung wird sie zum unverzichtbaren Begleiter f\u00fcr Gute-Nacht-Geschichten und Tr\u00e4ume.  Au\u00dferdem bringt er mit seiner Holzkonstruktion ein nat\u00fcrliches Element in den Innenraum und harmoniert mit jedem Einrichtungsstil. Sie ist nicht nur eine Lampe, sondern auch ein zauberhafter Akzent, der die Ecke Ihres Kindes noch einzigartiger und gem\u00fctlicher macht.<\/p>\n<h5 style=\"text-align: center;\"><strong>Entdecken Sie die magische Atmosph\u00e4re mit unserem au\u00dfergew\u00f6hnlichen, handgefertigten Nachtlicht aus Holz!<\/strong><\/h5>\n<p style=\"text-align: center;\"><img fetchpriority=\"high\" decoding=\"async\" class=\"alignnone wp-image-9383 size-large\" src=\"https:\/\/craft-maestro.com\/wp-content\/uploads\/2024\/04\/small_Lampka-Mis-Chmurki-1024x1024.jpg\" alt=\"\" width=\"1024\" height=\"1024\" title=\"\" srcset=\"https:\/\/craft-maestro.com\/wp-content\/uploads\/2024\/04\/small_Lampka-Mis-Chmurki-1024x1024.jpg 1024w, https:\/\/craft-maestro.com\/wp-content\/uploads\/2024\/04\/small_Lampka-Mis-Chmurki-200x200.jpg 200w, https:\/\/craft-maestro.com\/wp-content\/uploads\/2024\/04\/small_Lampka-Mis-Chmurki-100x100.jpg 100w, https:\/\/craft-maestro.com\/wp-content\/uploads\/2024\/04\/small_Lampka-Mis-Chmurki-500x500.jpg 500w, https:\/\/craft-maestro.com\/wp-content\/uploads\/2024\/04\/small_Lampka-Mis-Chmurki-300x300.jpg 300w, https:\/\/craft-maestro.com\/wp-content\/uploads\/2024\/04\/small_Lampka-Mis-Chmurki-150x150.jpg 150w, https:\/\/craft-maestro.com\/wp-content\/uploads\/2024\/04\/small_Lampka-Mis-Chmurki-768x768.jpg 768w, https:\/\/craft-maestro.com\/wp-content\/uploads\/2024\/04\/small_Lampka-Mis-Chmurki-1536x1536.jpg 1536w, https:\/\/craft-maestro.com\/wp-content\/uploads\/2024\/04\/small_Lampka-Mis-Chmurki.jpg 1600w\" sizes=\"(max-width: 1024px) 100vw, 1024px\" \/><\/p>\n<p style=\"text-align: center;\">Unser h\u00f6lzernes Nachtlicht wurde speziell f\u00fcr die besonderen Momente Ihres Kindes entwickelt und entf\u00fchrt Ihr Kleines in eine Welt voller Tr\u00e4ume und Abenteuer. Mit dem Motiv eines l\u00e4chelnden schlafenden blauen Teddyb\u00e4ren auf dem Mond vor dem Hintergrund des von Sternen umgebenen Mondes wird dieses Nachtlicht zu einem unverzichtbaren Bestandteil von Gute-Nacht-Geschichten und Momenten der Entspannung.<\/p>\n<p style=\"text-align: center;\">Das mit viel Liebe zum Detail aus Naturholz gefertigte Nachtlicht ist nicht nur eine funktionale Beleuchtung, sondern auch eine einzigartige Erg\u00e4nzung f\u00fcr das Kinderzimmer, die dessen Charme und Gem\u00fctlichkeit unterstreicht.<\/p>\n<h5 style=\"text-align: center;\"><strong>Lassen Sie jede Nacht mit Magie und W\u00e4rme erf\u00fcllt sein mit unserem einzigartigen Nachtlicht aus Holz!<\/strong><\/h5>\n<p style=\"text-align: center;\">Wir stellen Ihnen unser einzigartiges handgefertigtes Nachtlicht aus Holz vor, das von unseren geschickten Kunsthandwerkern sorgf\u00e4ltig hergestellt wird und jedes St\u00fcck zu einem einzigartigen Kunstwerk macht.<\/p>\n<p style=\"text-align: center;\">W\u00e4hlen Sie aus einer Reihe von Beleuchtungsoptionen, um die Helligkeit an Ihre speziellen Bed\u00fcrfnisse und Vorlieben anzupassen, und sorgen Sie so f\u00fcr das perfekte Ambiente f\u00fcr jeden Anlass.<\/p>\n<p style=\"text-align: center;\">Mit seinem schlichten, aber charmanten Design f\u00fcgt sich unser Nachtlicht aus Holz nahtlos in jede Inneneinrichtung ein und verleiht dem Zimmer Ihres Kindes einen Hauch von W\u00e4rme und Gem\u00fctlichkeit.<\/p>\n<p style=\"text-align: center;\">Entdecken Sie unser Angebot an bezaubernden Kindermustern und -motiven, die die Fantasie Ihrer Kleinen garantiert anregen und Freude in die Schlafenszeit bringen.<\/p>\n<p style=\"text-align: center;\">Das aus umweltfreundlichen Materialien gefertigte Nachtlicht ist nicht nur sch\u00f6n, sondern auch umweltbewusst und tr\u00e4gt zu einem gr\u00fcneren Planeten bei, an dem sich auch k\u00fcnftige Generationen erfreuen k\u00f6nnen.<\/p>\n<h5 style=\"text-align: center;\"><span style=\"text-decoration: underline;\"><strong>Hier sind die Highlights:<\/strong><\/span><\/h5>\n<p style=\"text-align: center;\">Handgefertigt und personalisiert von unserem kleinen Team in Polen.<\/p>\n<p style=\"text-align: center;\">Hergestellt aus langlebigen und nachhaltigen Materialien f\u00fcr eine lange Nutzungsdauer.<\/p>\n<p style=\"text-align: center;\">Erh\u00e4ltlich in einer praktischen Gr\u00f6\u00dfe von 36 Zentimetern Breite und 2,5 Zentimetern Tiefe.<\/p>\n<p style=\"text-align: center;\">Das skurrile Design mit einem schlafenden blauen Teddyb\u00e4r auf dem Mond verleiht jedem Raum eine verspielte Note.<\/p>\n<p style=\"text-align: center;\">Die Stromversorgung erfolgt entweder \u00fcber Batterien oder USB und ist mit dem mitgelieferten Befestigungsstift einfach zu installieren.<\/p>\n<h5 style=\"text-align: center;\"><strong>Wir bieten mehrere verschiedene Versionen unserer Nachtlichter an, die Sie ganz einfach an Ihre W\u00fcnsche anpassen k\u00f6nnen.<\/strong><\/h5>\n<ul>\n<li style=\"text-align: center;\">Batteriebetriebenes Nachtlicht: Die Basisversion der Lampe ist mit einem Ein-\/Ausschalter ausgestattet, der eine einfache Bedienung ohne Einstellung der Lichtintensit\u00e4t erm\u00f6glicht.<\/li>\n<li style=\"text-align: center;\">Batteriebetriebenes Nachtlicht mit Dimmer: Diese Version verf\u00fcgt \u00fcber einen Druckknopfschalter mit Dimmer und Memory-Funktion, so dass das Licht beim erneuten Einschalten die letzte Helligkeitseinstellung beibeh\u00e4lt. Diese flexible L\u00f6sung bietet dem Benutzer Komfort.<\/li>\n<li style=\"text-align: center;\">Nachtlicht mit Schalter und Dimmer am Kabel: Selbst der einfachste Schnurschalter ist mit einem Dimmer und einer Memory-Funktion ausgestattet, so dass die letzte Helligkeitseinstellung beim Wiedereinschalten erhalten bleibt.<\/li>\n<\/ul>\n<p style=\"text-align: center;\"><img decoding=\"async\" class=\"alignnone size-medium wp-image-5173\" src=\"http:\/\/craft-maestro.com\/wp-content\/uploads\/2024\/03\/wlacznik-przyciskowy-ze-sciemniaczem_small-214x300.jpg\" alt=\"\" width=\"214\" height=\"300\" title=\"\" srcset=\"https:\/\/craft-maestro.com\/wp-content\/uploads\/2024\/03\/wlacznik-przyciskowy-ze-sciemniaczem_small-214x300.jpg 214w, https:\/\/craft-maestro.com\/wp-content\/uploads\/2024\/03\/wlacznik-przyciskowy-ze-sciemniaczem_small-scaled-500x702.jpg 500w, https:\/\/craft-maestro.com\/wp-content\/uploads\/2024\/03\/wlacznik-przyciskowy-ze-sciemniaczem_small-729x1024.jpg 729w, https:\/\/craft-maestro.com\/wp-content\/uploads\/2024\/03\/wlacznik-przyciskowy-ze-sciemniaczem_small-768x1078.jpg 768w, https:\/\/craft-maestro.com\/wp-content\/uploads\/2024\/03\/wlacznik-przyciskowy-ze-sciemniaczem_small-1094x1536.jpg 1094w, https:\/\/craft-maestro.com\/wp-content\/uploads\/2024\/03\/wlacznik-przyciskowy-ze-sciemniaczem_small-1459x2048.jpg 1459w, https:\/\/craft-maestro.com\/wp-content\/uploads\/2024\/03\/wlacznik-przyciskowy-ze-sciemniaczem_small-scaled.jpg 1139w\" sizes=\"(max-width: 214px) 100vw, 214px\" \/><\/p>\n<ul>\n<li style=\"text-align: center;\">Timer-Schalter: Dieser mit einer Zeitschaltuhr ausgestattete Schalter schaltet das Licht nach einer bestimmten Zeit automatisch aus, so dass eine manuelle Bedienung nicht mehr erforderlich ist. Mit einer breiten Palette von Helligkeitseinstellungen k\u00f6nnen Sie bei sanftem Licht lesen oder schlafen.<\/li>\n<\/ul>\n<p><iframe title=\"Craft Maestro - personalized LED wooden night lamp for children - timmer\" width=\"800\" height=\"450\" src=\"https:\/\/www.youtube.com\/embed\/PTxNVJWXVKs?feature=oembed\" frameborder=\"0\" allow=\"accelerometer; autoplay; clipboard-write; encrypted-media; gyroscope; picture-in-picture; web-share\" referrerpolicy=\"strict-origin-when-cross-origin\" allowfullscreen><\/iframe><\/p>\n<ul>\n<li style=\"text-align: center;\">Ber\u00fchrungsempfindliches Nachtlicht: Diese Lampe ist mit einer Dimmfunktion ausgestattet und erm\u00f6glicht die Einstellung der Helligkeit durch Ber\u00fchren eines bestimmten Bereichs. Diese intuitive L\u00f6sung bietet Komfort bei Gute-Nacht-Geschichten oder beim Schlafen.<\/li>\n<\/ul>\n<p><iframe title=\"Craft Maestro - personalized LED wooden night lamp for children - touch\" width=\"800\" height=\"450\" src=\"https:\/\/www.youtube.com\/embed\/-b9KJJNDB6E?feature=oembed\" frameborder=\"0\" allow=\"accelerometer; autoplay; clipboard-write; encrypted-media; gyroscope; picture-in-picture; web-share\" allowfullscreen><\/iframe><\/p>\n<h3 style=\"text-align: center;\"><span style=\"text-decoration: underline;\">Alle unsere Nachtlichter sind aus hochwertigen Materialien gefertigt und bieten nicht nur Funktionalit\u00e4t, sondern auch einzigartige Designs, die Ihr Kind begeistern werden!<\/span><\/h3>\n<h5 style=\"text-align: center;\"><strong>Vorteile:<\/strong><\/h5>\n<p style=\"text-align: center;\">Der schlafende blaue Teddyb\u00e4r auf dem Mond ist eine personalisierte LED-Nachtlampe aus Holz, die perfekt geeignet ist, um eine beruhigende und bezaubernde Umgebung im Zimmer Ihres Kindes zu schaffen. Mit ihrer weichen und diffusen LED-Beleuchtung wird sie den Schlaf Ihres Kindes nicht st\u00f6ren und ist daher ideal als Nachtlicht oder dekorative Wandlampe geeignet. Die moderate Beleuchtung eignet sich auch hervorragend zum F\u00fcttern und Wickeln Ihres Kindes, da keine zus\u00e4tzlichen Lichtquellen ben\u00f6tigt werden.<\/p>\n<h5 style=\"text-align: center;\"><strong>Verwendung:<\/strong><\/h5>\n<p style=\"text-align: center;\">Die Nachtlampe aus Holz ist einfach zu benutzen und leicht aufzuh\u00e4ngen. Jedes Set enth\u00e4lt eine personalisierte Lampe, 3 AA-Batterien oder ein USB-Kabel und einen Befestigungsstift, mit dem Sie die Lampe \u00fcberall an die Wand h\u00e4ngen k\u00f6nnen.<\/p>\n<p style=\"text-align: center;\">W\u00e4hlen Sie zwischen drei Beleuchtungsvarianten: Light mit sp\u00e4rlich eingebetteten LED-Lichtpunkten (60 LEDs), Light mit dicht eingebetteten LED-Lichtpunkten (120 LEDs) oder Light ohne sichtbare LED-Lichtpunkte (320 LEDs), je nach den Vorlieben Ihres Kindes.<\/p>\n<h5 style=\"text-align: center;\"><strong>Stromversorgung:<\/strong><\/h5>\n<p style=\"text-align: center;\">Akkupack oder USB-Kabel (260 cm) mit Dimmer.<\/p>\n<h5 style=\"text-align: center;\"><strong>Qualit\u00e4tssicherung:<\/strong><\/h5>\n<p style=\"text-align: center;\">Wir sind sehr stolz auf unsere Handwerkskunst und verwenden nur die besten Materialien, um ein H\u00f6chstma\u00df an Qualit\u00e4t und Haltbarkeit zu gew\u00e4hrleisten. Unsere Lampen werden im hochwertigen UV-Druckverfahren direkt auf das Holz gedruckt, was ein klares und lebendiges Design gew\u00e4hrleistet, das im Laufe der Zeit nicht verblasst oder abbl\u00e4ttert. Jede Lampe wird vor dem Versand getestet, um sicherzustellen, dass sie unseren strengen Qualit\u00e4tsstandards entspricht.<\/p>\n<h3 style=\"text-align: center;\">Verleihen Sie dem Zimmer Ihres Kindes einen Hauch von Zauber mit der personalisierten LED-Nachtlampe &#8222;Schlafender blauer Teddyb\u00e4r auf dem Mond&#8220; aus Holz. Bestellen Sie jetzt und schaffen Sie eine gem\u00fctliche und magische Atmosph\u00e4re, die Ihr Kind lieben wird.<\/h3>\n<h2 style=\"text-align: center;\"><\/h2>\n<p style=\"text-align: center;\">Bitte beachten Sie: Personalisierte Produkte k\u00f6nnen nicht zur\u00fcckgegeben werden, da sie auf individuelle Bestellung hergestellt werden!<\/p>\n","protected":false},"excerpt":{"rendered":"<p>Schlafender blauer Teddyb\u00e4r auf dem Mond Die personalisierte LED-Nachtlampe aus Holz f\u00fcr Kinder ist eine&#8230;<\/p>\n","protected":false},"featured_media":9378,"comment_status":"open","ping_status":"closed","template":"","meta":[],"product_brand":[],"product_cat":[269],"product_tag":[],"class_list":{"0":"post-8817","1":"product","2":"type-product","3":"status-publish","4":"has-post-thumbnail","6":"product_cat-nachtlicht-fur-das-kinderzimmer","7":"wcpa_has_options","9":"first","10":"instock","11":"shipping-taxable","12":"purchasable","13":"product-type-variable","14":"has-default-attributes"},"_links":{"self":[{"href":"https:\/\/craft-maestro.com\/de\/wp-json\/wp\/v2\/product\/8817","targetHints":{"allow":["GET"]}}],"collection":[{"href":"https:\/\/craft-maestro.com\/de\/wp-json\/wp\/v2\/product"}],"about":[{"href":"https:\/\/craft-maestro.com\/de\/wp-json\/wp\/v2\/types\/product"}],"replies":[{"embeddable":true,"href":"https:\/\/craft-maestro.com\/de\/wp-json\/wp\/v2\/comments?post=8817"}],"wp:featuredmedia":[{"embeddable":true,"href":"https:\/\/craft-maestro.com\/de\/wp-json\/wp\/v2\/media\/9378"}],"wp:attachment":[{"href":"https:\/\/craft-maestro.com\/de\/wp-json\/wp\/v2\/media?parent=8817"}],"wp:term":[{"taxonomy":"product_brand","embeddable":true,"href":"https:\/\/craft-maestro.com\/de\/wp-json\/wp\/v2\/product_brand?post=8817"},{"taxonomy":"product_cat","embeddable":true,"href":"https:\/\/craft-maestro.com\/de\/wp-json\/wp\/v2\/product_cat?post=8817"},{"taxonomy":"product_tag","embeddable":true,"href":"https:\/\/craft-maestro.com\/de\/wp-json\/wp\/v2\/product_tag?post=8817"}],"curies":[{"name":"wp","href":"https:\/\/api.w.org\/{rel}","templated":true}]}}